{"id":2,"date":"2015-09-07T16:57:01","date_gmt":"2015-09-07T16:57:01","guid":{"rendered":"http:\/\/draganvaljak.iz.hr\/?page_id=2"},"modified":"2016-09-27T20:12:50","modified_gmt":"2016-09-27T18:12:50","slug":"o-meni","status":"publish","type":"page","link":"http:\/\/draganvaljak.iz.hr\/hr\/o-meni\/","title":{"rendered":"O meni"},"content":{"rendered":"<p><\/p>\n<h3>O meni<\/h3>\n<p>Web kreator i internet programer.<\/p>\n<p>Programski jezici: HTML5, CSS3, JS, JQUERY, PHP, MYSQL, OOP, Blade, Java (osnove).<\/p>\n<p>PHP Frameworks:\u00a0 CodeIgniter, Symfony.<\/p>\n<p>WordPress: izrada stranice, izrada plugina.<\/p>\n<p>HTML5 responsive frameworks: Bootstrap 3.*.<\/p>\n<p>Programski alati: GIT, Composer, Google alati.<\/p>\n<p>Upravljanje web hostingom: cPanel, upravljanje e-mail ra\u010dunima, upravljanje datotekama odnosno web prostorom, pra\u0107enje statistike posje\u0107enosti web stranica,upravljanje sigurno\u0161\u0107u web prostora,upravljanje bazom podataka&#8230;itd.<\/p>\n<p>Alati za obradu fotografija: Photoshop, CorelDraw.<\/p>\n<p>Jezici:Engleski dobro, Njema\u010dki dobro.<\/p>","protected":false},"excerpt":{"rendered":"<p>O meni Web kreator i internet programer. Programski jezici: HTML5, CSS3, JS, JQUERY, PHP, MYSQL, OOP, Blade, Java (osnove). PHP Frameworks:\u00a0 CodeIgniter, Symfony. WordPress: izrada stranice, izrada plugina. HTML5 responsive frameworks: Bootstrap 3.*. Programski alati: GIT, Composer, Google alati. Upravljanje web hostingom: cPanel, upravljanje e-mail ra\u010dunima, upravljanje datotekama odnosno web prostorom, pra\u0107enje statistike posje\u0107enosti web [&hellip;]<\/p>\n","protected":false},"author":1,"featured_media":0,"parent":0,"menu_order":0,"comment_status":"open","ping_status":"open","template":"","meta":{"footnotes":""},"jetpack_sharing_enabled":true,"_links":{"self":[{"href":"http:\/\/draganvaljak.iz.hr\/hr\/wp-json\/wp\/v2\/pages\/2"}],"collection":[{"href":"http:\/\/draganvaljak.iz.hr\/hr\/wp-json\/wp\/v2\/pages"}],"about":[{"href":"http:\/\/draganvaljak.iz.hr\/hr\/wp-json\/wp\/v2\/types\/page"}],"author":[{"embeddable":true,"href":"http:\/\/draganvaljak.iz.hr\/hr\/wp-json\/wp\/v2\/users\/1"}],"replies":[{"embeddable":true,"href":"http:\/\/draganvaljak.iz.hr\/hr\/wp-json\/wp\/v2\/comments?post=2"}],"version-history":[{"count":27,"href":"http:\/\/draganvaljak.iz.hr\/hr\/wp-json\/wp\/v2\/pages\/2\/revisions"}],"predecessor-version":[{"id":134,"href":"http:\/\/draganvaljak.iz.hr\/hr\/wp-json\/wp\/v2\/pages\/2\/revisions\/134"}],"wp:attachment":[{"href":"http:\/\/draganvaljak.iz.hr\/hr\/wp-json\/wp\/v2\/media?parent=2"}],"curies":[{"name":"wp","href":"https:\/\/api.w.org\/{rel}","templated":true}]}}